{"id":20,"date":"2025-03-26T14:41:14","date_gmt":"2025-03-26T14:41:14","guid":{"rendered":"https:\/\/cantinadeari.rkinformatika.online\/?page_id=20"},"modified":"2025-04-17T09:10:25","modified_gmt":"2025-04-17T09:10:25","slug":"inicio","status":"publish","type":"page","link":"https:\/\/joyeriafernandocabello.com\/en\/","title":{"rendered":"Home"},"content":{"rendered":"<div data-elementor-type=\"wp-page\" data-elementor-id=\"20\" class=\"elementor elementor-20\" data-elementor-post-type=\"page\">\n\t\t\t\t<div class=\"elementor-element elementor-element-ebd50d5 e-flex e-con-boxed e-con e-parent\" data-id=\"ebd50d5\" data-element_type=\"container\" data-e-type=\"container\" data-settings=\"{&quot;background_background&quot;:&quot;classic&quot;}\">\n\t\t\t\t\t<div class=\"e-con-inner\">\n\t\t\t\t\t<\/div>\n\t\t\t\t<\/div>\n\t\t<div class=\"elementor-element elementor-element-7155ff0 e-flex e-con-boxed e-con e-parent\" data-id=\"7155ff0\" data-element_type=\"container\" data-e-type=\"container\" data-settings=\"{&quot;background_background&quot;:&quot;classic&quot;}\">\n\t\t\t\t\t<div class=\"e-con-inner\">\n\t\t\t\t<div class=\"elementor-element elementor-element-01d7170 elementor-widget elementor-widget-heading\" data-id=\"01d7170\" data-element_type=\"widget\" data-e-type=\"widget\" data-widget_type=\"heading.default\">\n\t\t\t\t<div class=\"elementor-widget-container\">\n\t\t\t\t\t<h2 class=\"elementor-heading-title elementor-size-default\">About us<\/h2>\t\t\t\t<\/div>\n\t\t\t\t<\/div>\n\t\t\t\t\t<\/div>\n\t\t\t\t<\/div>\n\t\t<div class=\"elementor-element elementor-element-66247c5 e-flex e-con-boxed e-con e-parent\" data-id=\"66247c5\" data-element_type=\"container\" data-e-type=\"container\" data-settings=\"{&quot;background_background&quot;:&quot;classic&quot;}\">\n\t\t\t\t\t<div class=\"e-con-inner\">\n\t\t<div class=\"elementor-element elementor-element-db7fbbe e-con-full e-flex e-con e-child\" data-id=\"db7fbbe\" data-element_type=\"container\" data-e-type=\"container\">\n\t\t\t\t<div class=\"elementor-element elementor-element-2290867 elementor-hidden-tablet elementor-hidden-mobile elementor-widget elementor-widget-image\" data-id=\"2290867\" data-element_type=\"widget\" data-e-type=\"widget\" data-widget_type=\"image.default\">\n\t\t\t\t<div class=\"elementor-widget-container\">\n\t\t\t\t\t\t\t\t\t\t\t\t\t\t\t<img fetchpriority=\"high\" decoding=\"async\" width=\"1920\" height=\"2560\" src=\"https:\/\/joyeriafernandocabello.com\/wp-content\/uploads\/2025\/04\/IMG_20250415_182813077_HDR_PORTRAIT-Fernando-Cabello-Beltran-scaled.jpg\" class=\"attachment-full size-full wp-image-558\" alt=\"\" srcset=\"https:\/\/joyeriafernandocabello.com\/wp-content\/uploads\/2025\/04\/IMG_20250415_182813077_HDR_PORTRAIT-Fernando-Cabello-Beltran-scaled.jpg 1920w, https:\/\/joyeriafernandocabello.com\/wp-content\/uploads\/2025\/04\/IMG_20250415_182813077_HDR_PORTRAIT-Fernando-Cabello-Beltran-225x300.jpg 225w, https:\/\/joyeriafernandocabello.com\/wp-content\/uploads\/2025\/04\/IMG_20250415_182813077_HDR_PORTRAIT-Fernando-Cabello-Beltran-768x1024.jpg 768w, https:\/\/joyeriafernandocabello.com\/wp-content\/uploads\/2025\/04\/IMG_20250415_182813077_HDR_PORTRAIT-Fernando-Cabello-Beltran-1152x1536.jpg 1152w, https:\/\/joyeriafernandocabello.com\/wp-content\/uploads\/2025\/04\/IMG_20250415_182813077_HDR_PORTRAIT-Fernando-Cabello-Beltran-1536x2048.jpg 1536w, https:\/\/joyeriafernandocabello.com\/wp-content\/uploads\/2025\/04\/IMG_20250415_182813077_HDR_PORTRAIT-Fernando-Cabello-Beltran-9x12.jpg 9w\" sizes=\"(max-width: 1920px) 100vw, 1920px\" \/>\t\t\t\t\t\t\t\t\t\t\t\t\t\t\t<\/div>\n\t\t\t\t<\/div>\n\t\t\t\t<div class=\"elementor-element elementor-element-2cd5b67 elementor-hidden-desktop elementor-widget elementor-widget-image\" data-id=\"2cd5b67\" data-element_type=\"widget\" data-e-type=\"widget\" data-widget_type=\"image.default\">\n\t\t\t\t<div class=\"elementor-widget-container\">\n\t\t\t\t\t\t\t\t\t\t\t\t\t\t\t<img decoding=\"async\" width=\"800\" height=\"800\" src=\"https:\/\/joyeriafernandocabello.com\/wp-content\/uploads\/2025\/04\/inicio-1024x1024.jpg\" class=\"attachment-large size-large wp-image-570\" alt=\"\" srcset=\"https:\/\/joyeriafernandocabello.com\/wp-content\/uploads\/2025\/04\/inicio-1024x1024.jpg 1024w, https:\/\/joyeriafernandocabello.com\/wp-content\/uploads\/2025\/04\/inicio-300x300.jpg 300w, https:\/\/joyeriafernandocabello.com\/wp-content\/uploads\/2025\/04\/inicio-150x150.jpg 150w, https:\/\/joyeriafernandocabello.com\/wp-content\/uploads\/2025\/04\/inicio-768x768.jpg 768w, https:\/\/joyeriafernandocabello.com\/wp-content\/uploads\/2025\/04\/inicio-12x12.jpg 12w, https:\/\/joyeriafernandocabello.com\/wp-content\/uploads\/2025\/04\/inicio.jpg 1080w\" sizes=\"(max-width: 800px) 100vw, 800px\" \/>\t\t\t\t\t\t\t\t\t\t\t\t\t\t\t<\/div>\n\t\t\t\t<\/div>\n\t\t\t\t<\/div>\n\t\t<div class=\"elementor-element elementor-element-4e0efe5 e-con-full e-flex e-con e-child\" data-id=\"4e0efe5\" data-element_type=\"container\" data-e-type=\"container\">\n\t\t\t\t<div class=\"elementor-element elementor-element-6b63f56 elementor-widget elementor-widget-text-editor\" data-id=\"6b63f56\" data-element_type=\"widget\" data-e-type=\"widget\" data-widget_type=\"text-editor.default\">\n\t\t\t\t<div class=\"elementor-widget-container\">\n\t\t\t\t\t\t\t\t\t<p>At Joyer\u00eda Fernando Cabello, we have been offering dedication, experience, and closeness in the world of jewelry and watches since 1991. We were founded with the hope of providing quality service to our customers, and more than three decades later, we continue to maintain that commitment to every person who walks through our doors.<\/p><p>We specialize in the sale and repair of jewelry and watches, working with a carefully selected selection of products that combine elegance, durability, and style. We offer gold, silver, and steel jewelry, as well as a wide range of watches from renowned brands and exclusive gift items for special occasions.<\/p><p>We also have our own workshop where we perform all types of jewelry and watch repairs, guaranteeing precise, professional, and customized work. Every piece we restore or every client we advise is part of our story.<\/p><p>Our goal is to make each visit a unique experience, where good taste, trust, and tradition come together to help you find the perfect detail.<\/p>\t\t\t\t\t\t\t\t<\/div>\n\t\t\t\t<\/div>\n\t\t\t\t<\/div>\n\t\t\t\t\t<\/div>\n\t\t\t\t<\/div>\n\t\t\t\t<\/div>","protected":false},"excerpt":{"rendered":"<p>Qui\u00e9nes somos En Joyer\u00eda Fernando Cabello llevamos desde 1991 ofreciendo dedicaci\u00f3n, experiencia y cercan\u00eda en el mundo de la joyer\u00eda y relojer\u00eda. Nacimos con la ilusi\u00f3n de brindar un servicio de calidad a nuestros clientes, y m\u00e1s de tres d\u00e9cadas despu\u00e9s, seguimos manteniendo ese compromiso con cada persona que entra por nuestra puerta. Nos especializamos [&hellip;]<\/p>\n","protected":false},"author":1,"featured_media":0,"parent":0,"menu_order":0,"comment_status":"closed","ping_status":"closed","template":"elementor_canvas","meta":{"footnotes":""},"class_list":["post-20","page","type-page","status-publish","hentry"],"yoast_head":"<!-- This site is optimized with the Yoast SEO plugin v27.3 - https:\/\/yoast.com\/product\/yoast-seo-wordpress\/ -->\n<title>Inicio - Joyeria Fernando Cabello<\/title>\n<meta name=\"robots\" content=\"index, follow, max-snippet:-1, max-image-preview:large, max-video-preview:-1\" \/>\n<link rel=\"canonical\" href=\"https:\/\/joyeriafernandocabello.com\/en\/\" \/>\n<meta property=\"og:locale\" content=\"en_GB\" \/>\n<meta property=\"og:type\" content=\"article\" \/>\n<meta property=\"og:title\" content=\"Inicio - Joyeria Fernando Cabello\" \/>\n<meta property=\"og:description\" content=\"Qui\u00e9nes somos En Joyer\u00eda Fernando Cabello llevamos desde 1991 ofreciendo dedicaci\u00f3n, experiencia y cercan\u00eda en el mundo de la joyer\u00eda y relojer\u00eda. Nacimos con la ilusi\u00f3n de brindar un servicio de calidad a nuestros clientes, y m\u00e1s de tres d\u00e9cadas despu\u00e9s, seguimos manteniendo ese compromiso con cada persona que entra por nuestra puerta. Nos especializamos [&hellip;]\" \/>\n<meta property=\"og:url\" content=\"https:\/\/joyeriafernandocabello.com\/en\/\" \/>\n<meta property=\"og:site_name\" content=\"Joyeria Fernando Cabello\" \/>\n<meta property=\"article:modified_time\" content=\"2025-04-17T09:10:25+00:00\" \/>\n<meta property=\"og:image\" content=\"https:\/\/joyeriafernandocabello.com\/wp-content\/uploads\/2025\/04\/IMG_20250415_182813077_HDR_PORTRAIT-Fernando-Cabello-Beltran-scaled.jpg\" \/>\n\t<meta property=\"og:image:width\" content=\"1920\" \/>\n\t<meta property=\"og:image:height\" content=\"2560\" \/>\n\t<meta property=\"og:image:type\" content=\"image\/jpeg\" \/>\n<meta name=\"twitter:card\" content=\"summary_large_image\" \/>\n<meta name=\"twitter:label1\" content=\"Estimated reading time\" \/>\n\t<meta name=\"twitter:data1\" content=\"2 minutes\" \/>\n<script type=\"application\/ld+json\" class=\"yoast-schema-graph\">{\"@context\":\"https:\\\/\\\/schema.org\",\"@graph\":[{\"@type\":\"WebPage\",\"@id\":\"https:\\\/\\\/joyeriafernandocabello.com\\\/\",\"url\":\"https:\\\/\\\/joyeriafernandocabello.com\\\/\",\"name\":\"Inicio - Joyeria Fernando Cabello\",\"isPartOf\":{\"@id\":\"https:\\\/\\\/joyeriafernandocabello.com\\\/#website\"},\"primaryImageOfPage\":{\"@id\":\"https:\\\/\\\/joyeriafernandocabello.com\\\/#primaryimage\"},\"image\":{\"@id\":\"https:\\\/\\\/joyeriafernandocabello.com\\\/#primaryimage\"},\"thumbnailUrl\":\"https:\\\/\\\/joyeriafernandocabello.com\\\/wp-content\\\/uploads\\\/2025\\\/04\\\/IMG_20250415_182813077_HDR_PORTRAIT-Fernando-Cabello-Beltran-scaled.jpg\",\"datePublished\":\"2025-03-26T14:41:14+00:00\",\"dateModified\":\"2025-04-17T09:10:25+00:00\",\"breadcrumb\":{\"@id\":\"https:\\\/\\\/joyeriafernandocabello.com\\\/#breadcrumb\"},\"inLanguage\":\"en-GB\",\"potentialAction\":[{\"@type\":\"ReadAction\",\"target\":[\"https:\\\/\\\/joyeriafernandocabello.com\\\/\"]}]},{\"@type\":\"ImageObject\",\"inLanguage\":\"en-GB\",\"@id\":\"https:\\\/\\\/joyeriafernandocabello.com\\\/#primaryimage\",\"url\":\"https:\\\/\\\/joyeriafernandocabello.com\\\/wp-content\\\/uploads\\\/2025\\\/04\\\/IMG_20250415_182813077_HDR_PORTRAIT-Fernando-Cabello-Beltran-scaled.jpg\",\"contentUrl\":\"https:\\\/\\\/joyeriafernandocabello.com\\\/wp-content\\\/uploads\\\/2025\\\/04\\\/IMG_20250415_182813077_HDR_PORTRAIT-Fernando-Cabello-Beltran-scaled.jpg\"},{\"@type\":\"BreadcrumbList\",\"@id\":\"https:\\\/\\\/joyeriafernandocabello.com\\\/#breadcrumb\",\"itemListElement\":[{\"@type\":\"ListItem\",\"position\":1,\"name\":\"Portada\",\"item\":\"https:\\\/\\\/joyeriafernandocabello.com\\\/\"},{\"@type\":\"ListItem\",\"position\":2,\"name\":\"Inicio\"}]},{\"@type\":\"WebSite\",\"@id\":\"https:\\\/\\\/joyeriafernandocabello.com\\\/#website\",\"url\":\"https:\\\/\\\/joyeriafernandocabello.com\\\/\",\"name\":\"Joyeria Fernando Cabello\",\"description\":\"Asador y comida para llevar.\",\"publisher\":{\"@id\":\"https:\\\/\\\/joyeriafernandocabello.com\\\/#organization\"},\"potentialAction\":[{\"@type\":\"SearchAction\",\"target\":{\"@type\":\"EntryPoint\",\"urlTemplate\":\"https:\\\/\\\/joyeriafernandocabello.com\\\/?s={search_term_string}\"},\"query-input\":{\"@type\":\"PropertyValueSpecification\",\"valueRequired\":true,\"valueName\":\"search_term_string\"}}],\"inLanguage\":\"en-GB\"},{\"@type\":\"Organization\",\"@id\":\"https:\\\/\\\/joyeriafernandocabello.com\\\/#organization\",\"name\":\"Joyeria Fernando Cabello\",\"url\":\"https:\\\/\\\/joyeriafernandocabello.com\\\/\",\"logo\":{\"@type\":\"ImageObject\",\"inLanguage\":\"en-GB\",\"@id\":\"https:\\\/\\\/joyeriafernandocabello.com\\\/#\\\/schema\\\/logo\\\/image\\\/\",\"url\":\"https:\\\/\\\/joyeriafernandocabello.com\\\/wp-content\\\/uploads\\\/2025\\\/04\\\/cropped-ChatGPT-Image-17-de-abr.-de-2025-10_11_09-1.png\",\"contentUrl\":\"https:\\\/\\\/joyeriafernandocabello.com\\\/wp-content\\\/uploads\\\/2025\\\/04\\\/cropped-ChatGPT-Image-17-de-abr.-de-2025-10_11_09-1.png\",\"width\":1024,\"height\":449,\"caption\":\"Joyeria Fernando Cabello\"},\"image\":{\"@id\":\"https:\\\/\\\/joyeriafernandocabello.com\\\/#\\\/schema\\\/logo\\\/image\\\/\"}}]}<\/script>\n<!-- \/ Yoast SEO plugin. -->","yoast_head_json":{"title":"Inicio - Joyeria Fernando Cabello","robots":{"index":"index","follow":"follow","max-snippet":"max-snippet:-1","max-image-preview":"max-image-preview:large","max-video-preview":"max-video-preview:-1"},"canonical":"https:\/\/joyeriafernandocabello.com\/en\/","og_locale":"en_GB","og_type":"article","og_title":"Inicio - Joyeria Fernando Cabello","og_description":"Qui\u00e9nes somos En Joyer\u00eda Fernando Cabello llevamos desde 1991 ofreciendo dedicaci\u00f3n, experiencia y cercan\u00eda en el mundo de la joyer\u00eda y relojer\u00eda. Nacimos con la ilusi\u00f3n de brindar un servicio de calidad a nuestros clientes, y m\u00e1s de tres d\u00e9cadas despu\u00e9s, seguimos manteniendo ese compromiso con cada persona que entra por nuestra puerta. Nos especializamos [&hellip;]","og_url":"https:\/\/joyeriafernandocabello.com\/en\/","og_site_name":"Joyeria Fernando Cabello","article_modified_time":"2025-04-17T09:10:25+00:00","og_image":[{"width":1920,"height":2560,"url":"https:\/\/joyeriafernandocabello.com\/wp-content\/uploads\/2025\/04\/IMG_20250415_182813077_HDR_PORTRAIT-Fernando-Cabello-Beltran-scaled.jpg","type":"image\/jpeg"}],"twitter_card":"summary_large_image","twitter_misc":{"Estimated reading time":"2 minutes"},"schema":{"@context":"https:\/\/schema.org","@graph":[{"@type":"WebPage","@id":"https:\/\/joyeriafernandocabello.com\/","url":"https:\/\/joyeriafernandocabello.com\/","name":"Inicio - Joyeria Fernando Cabello","isPartOf":{"@id":"https:\/\/joyeriafernandocabello.com\/#website"},"primaryImageOfPage":{"@id":"https:\/\/joyeriafernandocabello.com\/#primaryimage"},"image":{"@id":"https:\/\/joyeriafernandocabello.com\/#primaryimage"},"thumbnailUrl":"https:\/\/joyeriafernandocabello.com\/wp-content\/uploads\/2025\/04\/IMG_20250415_182813077_HDR_PORTRAIT-Fernando-Cabello-Beltran-scaled.jpg","datePublished":"2025-03-26T14:41:14+00:00","dateModified":"2025-04-17T09:10:25+00:00","breadcrumb":{"@id":"https:\/\/joyeriafernandocabello.com\/#breadcrumb"},"inLanguage":"en-GB","potentialAction":[{"@type":"ReadAction","target":["https:\/\/joyeriafernandocabello.com\/"]}]},{"@type":"ImageObject","inLanguage":"en-GB","@id":"https:\/\/joyeriafernandocabello.com\/#primaryimage","url":"https:\/\/joyeriafernandocabello.com\/wp-content\/uploads\/2025\/04\/IMG_20250415_182813077_HDR_PORTRAIT-Fernando-Cabello-Beltran-scaled.jpg","contentUrl":"https:\/\/joyeriafernandocabello.com\/wp-content\/uploads\/2025\/04\/IMG_20250415_182813077_HDR_PORTRAIT-Fernando-Cabello-Beltran-scaled.jpg"},{"@type":"BreadcrumbList","@id":"https:\/\/joyeriafernandocabello.com\/#breadcrumb","itemListElement":[{"@type":"ListItem","position":1,"name":"Portada","item":"https:\/\/joyeriafernandocabello.com\/"},{"@type":"ListItem","position":2,"name":"Inicio"}]},{"@type":"WebSite","@id":"https:\/\/joyeriafernandocabello.com\/#website","url":"https:\/\/joyeriafernandocabello.com\/","name":"Joyeria Fernando Cabello","description":"Asador y comida para llevar.","publisher":{"@id":"https:\/\/joyeriafernandocabello.com\/#organization"},"potentialAction":[{"@type":"SearchAction","target":{"@type":"EntryPoint","urlTemplate":"https:\/\/joyeriafernandocabello.com\/?s={search_term_string}"},"query-input":{"@type":"PropertyValueSpecification","valueRequired":true,"valueName":"search_term_string"}}],"inLanguage":"en-GB"},{"@type":"Organization","@id":"https:\/\/joyeriafernandocabello.com\/#organization","name":"Joyeria Fernando Cabello","url":"https:\/\/joyeriafernandocabello.com\/","logo":{"@type":"ImageObject","inLanguage":"en-GB","@id":"https:\/\/joyeriafernandocabello.com\/#\/schema\/logo\/image\/","url":"https:\/\/joyeriafernandocabello.com\/wp-content\/uploads\/2025\/04\/cropped-ChatGPT-Image-17-de-abr.-de-2025-10_11_09-1.png","contentUrl":"https:\/\/joyeriafernandocabello.com\/wp-content\/uploads\/2025\/04\/cropped-ChatGPT-Image-17-de-abr.-de-2025-10_11_09-1.png","width":1024,"height":449,"caption":"Joyeria Fernando Cabello"},"image":{"@id":"https:\/\/joyeriafernandocabello.com\/#\/schema\/logo\/image\/"}}]}},"_links":{"self":[{"href":"https:\/\/joyeriafernandocabello.com\/en\/wp-json\/wp\/v2\/pages\/20","targetHints":{"allow":["GET"]}}],"collection":[{"href":"https:\/\/joyeriafernandocabello.com\/en\/wp-json\/wp\/v2\/pages"}],"about":[{"href":"https:\/\/joyeriafernandocabello.com\/en\/wp-json\/wp\/v2\/types\/page"}],"author":[{"embeddable":true,"href":"https:\/\/joyeriafernandocabello.com\/en\/wp-json\/wp\/v2\/users\/1"}],"replies":[{"embeddable":true,"href":"https:\/\/joyeriafernandocabello.com\/en\/wp-json\/wp\/v2\/comments?post=20"}],"version-history":[{"count":71,"href":"https:\/\/joyeriafernandocabello.com\/en\/wp-json\/wp\/v2\/pages\/20\/revisions"}],"predecessor-version":[{"id":582,"href":"https:\/\/joyeriafernandocabello.com\/en\/wp-json\/wp\/v2\/pages\/20\/revisions\/582"}],"wp:attachment":[{"href":"https:\/\/joyeriafernandocabello.com\/en\/wp-json\/wp\/v2\/media?parent=20"}],"curies":[{"name":"wp","href":"https:\/\/api.w.org\/{rel}","templated":true}]}}